{"id":1001,"date":"2015-09-22T13:13:26","date_gmt":"2015-09-22T11:13:26","guid":{"rendered":"http:\/\/wp-royal.com\/cufo\/mercury\/?page_id=1001"},"modified":"2023-12-07T12:04:40","modified_gmt":"2023-12-07T11:04:40","slug":"prestations-graphiques","status":"publish","type":"page","link":"https:\/\/franckraynal.fr\/cartoons\/prestations-graphiques\/","title":{"rendered":"Prestations graphiques"},"content":{"rendered":"<p>[vc_row][vc_column]<div id=\"ultimate-heading-35476a0335faaee7c\" class=\"uvc-heading ult-adjust-bottom-margin ultimate-heading-35476a0335faaee7c uvc-3401 \" data-hspacer=\"no_spacer\"  data-halign=\"left\" style=\"text-align:left\"><div class=\"uvc-heading-spacer no_spacer\" style=\"top\"><\/div><div class=\"uvc-main-heading ult-responsive\"  data-ultimate-target='.uvc-heading.ultimate-heading-35476a0335faaee7c h1'  data-responsive-json-new='{\"font-size\":\"\",\"line-height\":\"\"}' ><h1 style=\"font-family:&#039;Raleway&#039;;font-weight:700;\">Prestations graphiques<\/h1><\/div><\/div>[vc_empty_space][vc_column_text]Cette page rassemble divers travaux graphiques couvrant un \u00e9ventail de prestations allant de la cr\u00e9ation de logos \u00e0 la r\u00e9alisation de sites internet, en passant par la gestion de la plupart des supports traditionnels de communication (affiches, brochures, flyers, autocollants, journaux&#8230;).[\/vc_column_text][\/vc_column][\/vc_row][vc_row][vc_column]<div id=\"ultimate-heading-69336a0335faaeed1\" class=\"uvc-heading ult-adjust-bottom-margin ultimate-heading-69336a0335faaeed1 uvc-5510 \" data-hspacer=\"no_spacer\"  data-halign=\"left\" style=\"text-align:left\"><div class=\"uvc-heading-spacer no_spacer\" style=\"top\"><\/div><div class=\"uvc-main-heading ult-responsive\"  data-ultimate-target='.uvc-heading.ultimate-heading-69336a0335faaeed1 h2'  data-responsive-json-new='{\"font-size\":\"\",\"line-height\":\"\"}' ><h2 style=\"font-family:&#039;Raleway&#039;;font-weight:700;\">MEIBON<\/h2><\/div><\/div>[vc_empty_space]<div id=\"ultimate-heading-85336a0335faaef0f\" class=\"uvc-heading ult-adjust-bottom-margin ultimate-heading-85336a0335faaef0f uvc-2343 \" data-hspacer=\"no_spacer\"  data-halign=\"left\" style=\"text-align:left\"><div class=\"uvc-heading-spacer no_spacer\" style=\"top\"><\/div><div class=\"uvc-main-heading ult-responsive\"  data-ultimate-target='.uvc-heading.ultimate-heading-85336a0335faaef0f h3'  data-responsive-json-new='{\"font-size\":\"\",\"line-height\":\"\"}' ><h3 style=\"font-weight:normal;\">Identit\u00e9 graphique<\/h3><\/div><\/div>[vc_single_image image=\u00a0\u00bb1505&Prime; img_size=\u00a0\u00bbmedium\u00a0\u00bb onclick=\u00a0\u00bbcustom_link\u00a0\u00bb link=\u00a0\u00bbhttp:\/\/madras-b2b-blends.com\/\u00a0\u00bb]<div id=\"ultimate-heading-1966a0335faaef2c\" class=\"uvc-heading ult-adjust-bottom-margin ultimate-heading-1966a0335faaef2c uvc-5078 \" data-hspacer=\"no_spacer\"  data-halign=\"left\" style=\"text-align:left\"><div class=\"uvc-heading-spacer no_spacer\" style=\"top\"><\/div><div class=\"uvc-main-heading ult-responsive\"  data-ultimate-target='.uvc-heading.ultimate-heading-1966a0335faaef2c h3'  data-responsive-json-new='{\"font-size\":\"\",\"line-height\":\"\"}' ><h3 style=\"font-weight:normal;\">Gamme d'\u00e9tiquettes<\/h3><\/div><\/div>[vc_masonry_media_grid grid_id=\u00a0\u00bbvc_gid:1701946834206-d71a6b8f-759c-3&Prime; include=\u00a0\u00bb1511,1508&Prime;][vc_separator][\/vc_column][\/vc_row][vc_row][vc_column]<div id=\"ultimate-heading-65516a0335faaef40\" class=\"uvc-heading ult-adjust-bottom-margin ultimate-heading-65516a0335faaef40 uvc-4533 \" data-hspacer=\"no_spacer\"  data-halign=\"left\" style=\"text-align:left\"><div class=\"uvc-heading-spacer no_spacer\" style=\"top\"><\/div><div class=\"uvc-main-heading ult-responsive\"  data-ultimate-target='.uvc-heading.ultimate-heading-65516a0335faaef40 h2'  data-responsive-json-new='{\"font-size\":\"\",\"line-height\":\"\"}' ><h2 style=\"font-family:&#039;Raleway&#039;;font-weight:700;\">MADRAS B2B BLENDS<\/h2><\/div><\/div>[vc_empty_space]<div id=\"ultimate-heading-92876a0335faaef56\" class=\"uvc-heading ult-adjust-bottom-margin ultimate-heading-92876a0335faaef56 uvc-6520 \" data-hspacer=\"no_spacer\"  data-halign=\"left\" style=\"text-align:left\"><div class=\"uvc-heading-spacer no_spacer\" style=\"top\"><\/div><div class=\"uvc-main-heading ult-responsive\"  data-ultimate-target='.uvc-heading.ultimate-heading-92876a0335faaef56 h3'  data-responsive-json-new='{\"font-size\":\"\",\"line-height\":\"\"}' ><h3 style=\"font-weight:normal;\">Site internet<\/h3><\/div><\/div>[vc_single_image image=\u00a0\u00bb1477&Prime; img_size=\u00a0\u00bbmedium\u00a0\u00bb onclick=\u00a0\u00bbcustom_link\u00a0\u00bb link=\u00a0\u00bbhttp:\/\/madras-b2b-blends.com\/\u00a0\u00bb]<div id=\"ultimate-heading-29886a0335faaef65\" class=\"uvc-heading ult-adjust-bottom-margin ultimate-heading-29886a0335faaef65 uvc-430 \" data-hspacer=\"no_spacer\"  data-halign=\"left\" style=\"text-align:left\"><div class=\"uvc-heading-spacer no_spacer\" style=\"top\"><\/div><div class=\"uvc-main-heading ult-responsive\"  data-ultimate-target='.uvc-heading.ultimate-heading-29886a0335faaef65 h3'  data-responsive-json-new='{\"font-size\":\"\",\"line-height\":\"\"}' ><h3 style=\"font-weight:normal;\">Flyers, cartes, papier \u00e0 en-t\u00eate, kakemono...<\/h3><\/div><\/div>[vc_masonry_media_grid grid_id=\u00a0\u00bbvc_gid:1701946834210-a0715159-6776-0&Prime; include=\u00a0\u00bb1482,1483,1484&Prime;][vc_separator][\/vc_column][\/vc_row][vc_row][vc_column]<div id=\"ultimate-heading-1136a0335faaef75\" class=\"uvc-heading ult-adjust-bottom-margin ultimate-heading-1136a0335faaef75 uvc-940 \" data-hspacer=\"no_spacer\"  data-halign=\"left\" style=\"text-align:left\"><div class=\"uvc-heading-spacer no_spacer\" style=\"top\"><\/div><div class=\"uvc-main-heading ult-responsive\"  data-ultimate-target='.uvc-heading.ultimate-heading-1136a0335faaef75 h2'  data-responsive-json-new='{\"font-size\":\"\",\"line-height\":\"\"}' ><h2 style=\"font-family:&#039;Raleway&#039;;font-weight:700;\">GRENA ENVIRONNEMENT<\/h2><\/div><\/div>[vc_empty_space]<div id=\"ultimate-heading-36886a0335faaef89\" class=\"uvc-heading ult-adjust-bottom-margin ultimate-heading-36886a0335faaef89 uvc-9902 \" data-hspacer=\"no_spacer\"  data-halign=\"left\" style=\"text-align:left\"><div class=\"uvc-heading-spacer no_spacer\" style=\"top\"><\/div><div class=\"uvc-main-heading ult-responsive\"  data-ultimate-target='.uvc-heading.ultimate-heading-36886a0335faaef89 h3'  data-responsive-json-new='{\"font-size\":\"\",\"line-height\":\"\"}' ><h3 style=\"font-weight:normal;\">Site internet<\/h3><\/div><\/div>[vc_single_image image=\u00a0\u00bb1370&Prime; img_size=\u00a0\u00bbmedium\u00a0\u00bb onclick=\u00a0\u00bbcustom_link\u00a0\u00bb link=\u00a0\u00bbhttps:\/\/grena-consultant.fr\/\u00a0\u00bb]<div id=\"ultimate-heading-85456a0335faaef97\" class=\"uvc-heading ult-adjust-bottom-margin ultimate-heading-85456a0335faaef97 uvc-4693 \" data-hspacer=\"no_spacer\"  data-halign=\"left\" style=\"text-align:left\"><div class=\"uvc-heading-spacer no_spacer\" style=\"top\"><\/div><div class=\"uvc-main-heading ult-responsive\"  data-ultimate-target='.uvc-heading.ultimate-heading-85456a0335faaef97 h3'  data-responsive-json-new='{\"font-size\":\"\",\"line-height\":\"\"}' ><h3 style=\"font-weight:normal;\">Brochure de pr\u00e9sentation<\/h3><\/div><\/div>[vc_masonry_media_grid element_width=\u00a0\u00bb2&Prime; grid_id=\u00a0\u00bbvc_gid:1701946834213-00c79864-20e5-4&Prime; include=\u00a0\u00bb1349,1350,1344,1352,1343,1345&Prime;]<div id=\"ultimate-heading-34436a0335faaefa5\" class=\"uvc-heading ult-adjust-bottom-margin ultimate-heading-34436a0335faaefa5 uvc-2258 \" data-hspacer=\"no_spacer\"  data-halign=\"left\" style=\"text-align:left\"><div class=\"uvc-heading-spacer no_spacer\" style=\"top\"><\/div><div class=\"uvc-main-heading ult-responsive\"  data-ultimate-target='.uvc-heading.ultimate-heading-34436a0335faaefa5 h3'  data-responsive-json-new='{\"font-size\":\"\",\"line-height\":\"\"}' ><h3 style=\"font-weight:normal;\">Fiches personnelles<\/h3><\/div><\/div>[vc_masonry_media_grid element_width=\u00a0\u00bb2&Prime; grid_id=\u00a0\u00bbvc_gid:1701946834214-0b9888f3-3e95-2&Prime; include=\u00a0\u00bb1355,1356&Prime;]<div id=\"ultimate-heading-35306a0335faaefb4\" class=\"uvc-heading ult-adjust-bottom-margin ultimate-heading-35306a0335faaefb4 uvc-4290 \" data-hspacer=\"no_spacer\"  data-halign=\"left\" style=\"text-align:left\"><div class=\"uvc-heading-spacer no_spacer\" style=\"top\"><\/div><div class=\"uvc-main-heading ult-responsive\"  data-ultimate-target='.uvc-heading.ultimate-heading-35306a0335faaefb4 h3'  data-responsive-json-new='{\"font-size\":\"\",\"line-height\":\"\"}' ><h3 style=\"font-weight:normal;\">Affiches, panneaux, cartes...<\/h3><\/div><\/div>[vc_masonry_media_grid grid_id=\u00a0\u00bbvc_gid:1701946834215-0accee37-8d33-2&Prime; include=\u00a0\u00bb1358,1361,1359,1363,1360,1362&Prime;][vc_separator][\/vc_column][\/vc_row][vc_row][vc_column][\/vc_column][vc_column]<div id=\"ultimate-heading-45736a0335faaefc3\" class=\"uvc-heading ult-adjust-bottom-margin ultimate-heading-45736a0335faaefc3 uvc-3154 \" data-hspacer=\"no_spacer\"  data-halign=\"left\" style=\"text-align:left\"><div class=\"uvc-heading-spacer no_spacer\" style=\"top\"><\/div><div class=\"uvc-main-heading ult-responsive\"  data-ultimate-target='.uvc-heading.ultimate-heading-45736a0335faaefc3 h2'  data-responsive-json-new='{\"font-size\":\"\",\"line-height\":\"\"}' ><h2 style=\"font-family:&#039;Raleway&#039;;font-weight:700;\">KYOTHERM<\/h2><\/div><\/div>[vc_empty_space]<div id=\"ultimate-heading-95706a0335faaefe0\" class=\"uvc-heading ult-adjust-bottom-margin ultimate-heading-95706a0335faaefe0 uvc-2437 \" data-hspacer=\"no_spacer\"  data-halign=\"left\" style=\"text-align:left\"><div class=\"uvc-heading-spacer no_spacer\" style=\"top\"><\/div><div class=\"uvc-main-heading ult-responsive\"  data-ultimate-target='.uvc-heading.ultimate-heading-95706a0335faaefe0 h3'  data-responsive-json-new='{\"font-size\":\"\",\"line-height\":\"\"}' ><h3 style=\"font-weight:normal;\">Site internet<\/h3><\/div><\/div>[vc_single_image image=\u00a0\u00bb1373&Prime; img_size=\u00a0\u00bbmedium\u00a0\u00bb onclick=\u00a0\u00bbcustom_link\u00a0\u00bb link=\u00a0\u00bbhttps:\/\/grena-consultant.fr\/\u00a0\u00bb]<div id=\"ultimate-heading-42476a0335faaefee\" class=\"uvc-heading ult-adjust-bottom-margin ultimate-heading-42476a0335faaefee uvc-2347 \" data-hspacer=\"no_spacer\"  data-halign=\"left\" style=\"text-align:left\"><div class=\"uvc-heading-spacer no_spacer\" style=\"top\"><\/div><div class=\"uvc-main-heading ult-responsive\"  data-ultimate-target='.uvc-heading.ultimate-heading-42476a0335faaefee h3'  data-responsive-json-new='{\"font-size\":\"\",\"line-height\":\"\"}' ><h3 style=\"font-weight:normal;\">Brochure de pr\u00e9sentation<\/h3><\/div><\/div>[vc_masonry_media_grid element_width=\u00a0\u00bb2&Prime; grid_id=\u00a0\u00bbvc_gid:1701946834217-97b3c678-8130-10&Prime; include=\u00a0\u00bb1374,1375&Prime;]<div id=\"ultimate-heading-87826a0335faaeffc\" class=\"uvc-heading ult-adjust-bottom-margin ultimate-heading-87826a0335faaeffc uvc-7267 \" data-hspacer=\"no_spacer\"  data-halign=\"left\" style=\"text-align:left\"><div class=\"uvc-heading-spacer no_spacer\" style=\"top\"><\/div><div class=\"uvc-main-heading ult-responsive\"  data-ultimate-target='.uvc-heading.ultimate-heading-87826a0335faaeffc h3'  data-responsive-json-new='{\"font-size\":\"\",\"line-height\":\"\"}' ><h3 style=\"font-weight:normal;\">Affiches, stand, kakemono, illustrations...<\/h3><\/div><\/div>[vc_masonry_media_grid grid_id=\u00a0\u00bbvc_gid:1701946834218-fc6b6e0d-9939-1&Prime; include=\u00a0\u00bb1377,1378,1382,1380,1379,1381&Prime;][vc_separator][\/vc_column][\/vc_row][vc_row][vc_column]<div id=\"ultimate-heading-75606a0335faaf00b\" class=\"uvc-heading ult-adjust-bottom-margin ultimate-heading-75606a0335faaf00b uvc-859 \" data-hspacer=\"no_spacer\"  data-halign=\"left\" style=\"text-align:left\"><div class=\"uvc-heading-spacer no_spacer\" style=\"top\"><\/div><div class=\"uvc-main-heading ult-responsive\"  data-ultimate-target='.uvc-heading.ultimate-heading-75606a0335faaf00b h2'  data-responsive-json-new='{\"font-size\":\"\",\"line-height\":\"\"}' ><h2 style=\"font-family:&#039;Raleway&#039;;font-weight:700;\">SAINT-MACAIRE<\/h2><\/div><\/div>[vc_empty_space]<div id=\"ultimate-heading-51696a0335faaf027\" class=\"uvc-heading ult-adjust-bottom-margin ultimate-heading-51696a0335faaf027 uvc-8095 \" data-hspacer=\"no_spacer\"  data-halign=\"left\" style=\"text-align:left\"><div class=\"uvc-heading-spacer no_spacer\" style=\"top\"><\/div><div class=\"uvc-main-heading ult-responsive\"  data-ultimate-target='.uvc-heading.ultimate-heading-51696a0335faaf027 h3'  data-responsive-json-new='{\"font-size\":\"\",\"line-height\":\"\"}' ><h3 style=\"font-weight:normal;\">Bulletins municipaux (extraits)<\/h3><\/div><\/div>[vc_masonry_media_grid element_width=\u00a0\u00bb2&Prime; grid_id=\u00a0\u00bbvc_gid:1701946834221-9093c863-9c21-6&Prime; include=\u00a0\u00bb1320,1321,1318,1317,1315,1314&Prime;][vc_column_text]<a href=\"https:\/\/saintmacaire.fr\/vie-municipale\/bulletins-municipaux\/\">D\u00e9couvrir le bulletin complet en PDF sur le site de la commune.<\/a>[\/vc_column_text][vc_masonry_media_grid element_width=\u00a0\u00bb2&Prime; grid_id=\u00a0\u00bbvc_gid:1701946834222-31952640-4e40-7&Prime; include=\u00a0\u00bb1329,1331,1330,1332,1333,1328&Prime;][vc_column_text]<a href=\"https:\/\/saintmacaire.fr\/vie-municipale\/bulletins-municipaux\/\">D\u00e9couvrir le bulletin complet en PDF sur le site de la commune.<\/a>[\/vc_column_text][vc_masonry_media_grid element_width=\u00a0\u00bb2&Prime; grid_id=\u00a0\u00bbvc_gid:1701946834222-33687f8a-1a59-2&Prime; include=\u00a0\u00bb1339,1340,1336,1335,1337,1338&Prime;][vc_column_text]<a href=\"https:\/\/saintmacaire.fr\/vie-municipale\/bulletins-municipaux\/\">D\u00e9couvrir le bulletin complet en PDF sur le site de la commune.<\/a>[\/vc_column_text]<div id=\"ultimate-heading-55176a0335faaf040\" class=\"uvc-heading ult-adjust-bottom-margin ultimate-heading-55176a0335faaf040 uvc-5314 \" data-hspacer=\"no_spacer\"  data-halign=\"left\" style=\"text-align:left\"><div class=\"uvc-heading-spacer no_spacer\" style=\"top\"><\/div><div class=\"uvc-main-heading ult-responsive\"  data-ultimate-target='.uvc-heading.ultimate-heading-55176a0335faaf040 h3'  data-responsive-json-new='{\"font-size\":\"\",\"line-height\":\"\"}' ><h3 style=\"font-weight:normal;\">Affiches, banderoles, panneaux (commune et associations)<\/h3><\/div><\/div>[vc_masonry_media_grid item=\u00a0\u00bbmasonryMedia_SimpleOverlay\u00a0\u00bb grid_id=\u00a0\u00bbvc_gid:1701946834223-78f8d903-6c62-4&Prime; include=\u00a0\u00bb1287,1285,1288,1286,1284,1283,1281,1282&Prime;][vc_separator][\/vc_column][\/vc_row][vc_row][vc_column]<div id=\"ultimate-heading-82856a0335faaf05a\" class=\"uvc-heading ult-adjust-bottom-margin ultimate-heading-82856a0335faaf05a uvc-8286 \" data-hspacer=\"no_spacer\"  data-halign=\"left\" style=\"text-align:left\"><div class=\"uvc-heading-spacer no_spacer\" style=\"top\"><\/div><div class=\"uvc-main-heading ult-responsive\"  data-ultimate-target='.uvc-heading.ultimate-heading-82856a0335faaf05a h2'  data-responsive-json-new='{\"font-size\":\"\",\"line-height\":\"\"}' ><h2 style=\"font-family:&#039;Raleway&#039;;font-weight:700;\">Travaux divers<\/h2><\/div><\/div>[vc_empty_space]<div id=\"ultimate-heading-57786a0335faaf079\" class=\"uvc-heading ult-adjust-bottom-margin ultimate-heading-57786a0335faaf079 uvc-7314 \" data-hspacer=\"no_spacer\"  data-halign=\"left\" style=\"text-align:left\"><div class=\"uvc-heading-spacer no_spacer\" style=\"top\"><\/div><div class=\"uvc-main-heading ult-responsive\"  data-ultimate-target='.uvc-heading.ultimate-heading-57786a0335faaf079 h3'  data-responsive-json-new='{\"font-size\":\"\",\"line-height\":\"\"}' ><h3 style=\"font-weight:normal;\">Logos<\/h3><\/div><\/div>[vc_masonry_media_grid element_width=\u00a0\u00bb3&Prime; gap=\u00a0\u00bb20&Prime; grid_id=\u00a0\u00bbvc_gid:1701946834225-c8c87b64-c9cf-9&Prime; include=\u00a0\u00bb1389,1388,1396,1387&Prime;][vc_masonry_media_grid element_width=\u00a0\u00bb3&Prime; gap=\u00a0\u00bb20&Prime; grid_id=\u00a0\u00bbvc_gid:1701946834225-47fbbbe5-d355-9&Prime; include=\u00a0\u00bb1392,1393,1395,1390&Prime;]<div id=\"ultimate-heading-81396a0335faaf0ab\" class=\"uvc-heading ult-adjust-bottom-margin ultimate-heading-81396a0335faaf0ab uvc-1528 \" data-hspacer=\"no_spacer\"  data-halign=\"left\" style=\"text-align:left\"><div class=\"uvc-heading-spacer no_spacer\" style=\"top\"><\/div><div class=\"uvc-main-heading ult-responsive\"  data-ultimate-target='.uvc-heading.ultimate-heading-81396a0335faaf0ab h3'  data-responsive-json-new='{\"font-size\":\"\",\"line-height\":\"\"}' ><h3 style=\"font-weight:normal;\">Vrac d'affiches, encarts, maquettes...<\/h3><\/div><\/div>[vc_masonry_media_grid grid_id=\u00a0\u00bbvc_gid:1701946834228-3a0ad5e7-71a7-4&Prime; include=\u00a0\u00bb1407,1408,1409,1410,1411,1412,1413,1414,1420,1415,1416,1417,1418,1419&Prime;][\/vc_column][\/vc_row]<\/p>\n","protected":false},"excerpt":{"rendered":"<p>[vc_row][vc_column][vc_empty_space][vc_column_text]Cette page rassemble divers travaux graphiques couvrant un \u00e9ventail de prestations allant de la cr\u00e9ation de logos \u00e0 la r\u00e9alisation de sites internet, en passant par la gestion de la plupart des supports traditionnels de communication (affiches, brochures, flyers, autocollants, journaux&#8230;).[\/vc_column_text][\/vc_column][\/vc_row][vc_row][vc_column][vc_empty_space][vc_single_image image=\u00a0\u00bb1505&Prime; img_size=\u00a0\u00bbmedium\u00a0\u00bb onclick=\u00a0\u00bbcustom_link\u00a0\u00bb link=\u00a0\u00bbhttp:\/\/madras-b2b-blends.com\/\u00a0\u00bb][vc_masonry_media_grid grid_id=\u00a0\u00bbvc_gid:1701946834206-d71a6b8f-759c-3&Prime; include=\u00a0\u00bb1511,1508&Prime;][vc_separator][\/vc_column][\/vc_row][vc_row][vc_column][vc_empty_space][vc_single_image image=\u00a0\u00bb1477&Prime; img_size=\u00a0\u00bbmedium\u00a0\u00bb onclick=\u00a0\u00bbcustom_link\u00a0\u00bb link=\u00a0\u00bbhttp:\/\/madras-b2b-blends.com\/\u00a0\u00bb][vc_masonry_media_grid grid_id=\u00a0\u00bbvc_gid:1701946834210-a0715159-6776-0&Prime; include=\u00a0\u00bb1482,1483,1484&Prime;][vc_separator][\/vc_column][\/vc_row][vc_row][vc_column][vc_empty_space][vc_single_image image=\u00a0\u00bb1370&Prime; img_size=\u00a0\u00bbmedium\u00a0\u00bb [&hellip;]<\/p>\n","protected":false},"author":1,"featured_media":0,"parent":0,"menu_order":0,"comment_status":"closed","ping_status":"closed","template":"","meta":{"footnotes":""},"class_list":["post-1001","page","type-page","status-publish","hentry"],"_links":{"self":[{"href":"https:\/\/franckraynal.fr\/cartoons\/wp-json\/wp\/v2\/pages\/1001","targetHints":{"allow":["GET"]}}],"collection":[{"href":"https:\/\/franckraynal.fr\/cartoons\/wp-json\/wp\/v2\/pages"}],"about":[{"href":"https:\/\/franckraynal.fr\/cartoons\/wp-json\/wp\/v2\/types\/page"}],"author":[{"embeddable":true,"href":"https:\/\/franckraynal.fr\/cartoons\/wp-json\/wp\/v2\/users\/1"}],"replies":[{"embeddable":true,"href":"https:\/\/franckraynal.fr\/cartoons\/wp-json\/wp\/v2\/comments?post=1001"}],"version-history":[{"count":53,"href":"https:\/\/franckraynal.fr\/cartoons\/wp-json\/wp\/v2\/pages\/1001\/revisions"}],"predecessor-version":[{"id":1512,"href":"https:\/\/franckraynal.fr\/cartoons\/wp-json\/wp\/v2\/pages\/1001\/revisions\/1512"}],"wp:attachment":[{"href":"https:\/\/franckraynal.fr\/cartoons\/wp-json\/wp\/v2\/media?parent=1001"}],"curies":[{"name":"wp","href":"https:\/\/api.w.org\/{rel}","templated":true}]}}