{"id":1429,"date":"2022-05-25T09:59:41","date_gmt":"2022-05-25T07:59:41","guid":{"rendered":"https:\/\/franckraynal.fr\/cartoons\/?page_id=1429"},"modified":"2022-05-31T15:44:03","modified_gmt":"2022-05-31T13:44:03","slug":"entrons-en-contact","status":"publish","type":"page","link":"https:\/\/franckraynal.fr\/cartoons\/entrons-en-contact\/","title":{"rendered":"Entrons en contact"},"content":{"rendered":"\n<h2 class=\"wp-block-heading\">Entrons en contact<\/h2>\n\n\n\n<p>Bonjour et merci pour votre int\u00e9r\u00eat pour mon travail. <br>Pour me joindre, merci d&rsquo;\u00e9crire \u00e0 l&rsquo;adresse suivante :<\/p>\n\n\n\n<p><strong>contact@franckraynal.fr<\/strong><\/p>\n\n\n\n<p>Je reviendrai vers vous tr\u00e8s vite. <br>Au plaisir de ce prochain \u00e9change ! <\/p>\n\n\n\n<p><\/p>\n","protected":false},"excerpt":{"rendered":"<p>Entrons en contact Bonjour et merci pour votre int\u00e9r\u00eat pour mon travail. Pour me joindre, merci d&rsquo;\u00e9crire \u00e0 l&rsquo;adresse suivante : contact@franckraynal.fr Je reviendrai vers vous tr\u00e8s vite. Au plaisir de ce prochain \u00e9change !<\/p>\n","protected":false},"author":1,"featured_media":0,"parent":0,"menu_order":0,"comment_status":"closed","ping_status":"closed","template":"","meta":{"footnotes":""},"class_list":["post-1429","page","type-page","status-publish","hentry"],"_links":{"self":[{"href":"https:\/\/franckraynal.fr\/cartoons\/wp-json\/wp\/v2\/pages\/1429","targetHints":{"allow":["GET"]}}],"collection":[{"href":"https:\/\/franckraynal.fr\/cartoons\/wp-json\/wp\/v2\/pages"}],"about":[{"href":"https:\/\/franckraynal.fr\/cartoons\/wp-json\/wp\/v2\/types\/page"}],"author":[{"embeddable":true,"href":"https:\/\/franckraynal.fr\/cartoons\/wp-json\/wp\/v2\/users\/1"}],"replies":[{"embeddable":true,"href":"https:\/\/franckraynal.fr\/cartoons\/wp-json\/wp\/v2\/comments?post=1429"}],"version-history":[{"count":6,"href":"https:\/\/franckraynal.fr\/cartoons\/wp-json\/wp\/v2\/pages\/1429\/revisions"}],"predecessor-version":[{"id":1443,"href":"https:\/\/franckraynal.fr\/cartoons\/wp-json\/wp\/v2\/pages\/1429\/revisions\/1443"}],"wp:attachment":[{"href":"https:\/\/franckraynal.fr\/cartoons\/wp-json\/wp\/v2\/media?parent=1429"}],"curies":[{"name":"wp","href":"https:\/\/api.w.org\/{rel}","templated":true}]}}